{"id":3314,"date":"2023-04-12T13:48:42","date_gmt":"2023-04-12T20:48:42","guid":{"rendered":"https:\/\/fimeimprime.com\/?post_type=product&#038;p=3314"},"modified":"2023-04-12T14:07:40","modified_gmt":"2023-04-12T21:07:40","slug":"sello-auto-entintable-printer-q24","status":"publish","type":"product","link":"https:\/\/fimeimprime.com\/?product=sello-auto-entintable-printer-q24","title":{"rendered":"SELLO AUTO ENTINTABLE PRINTER Q24"},"content":{"rendered":"<p>SELLO AUTOENTINTABLE (SIN GOMA) CON AREA DE IMPRESION DE 24 x 24 MM CON BASE CUADRADA, CON 8.2 CM DE ALTO Y 4.7 X 3.1 CM DE BASE. CON TINTA EN COLOR NEGRO Y ROJO DE FABRICA, SE RECOMIENDA 4\u00a0 LINEAS EN LA GOMA. SE PUEDE PEDIR SIN TINTA PERO SOLO BAJO PEDIDO.<\/p>\n<p>NOTA: El color de los art\u00edculos puede variar al color real, por la calibraci\u00f3n y resoluci\u00f3n de tu monitor.<\/p>\n","protected":false},"excerpt":{"rendered":"<p>SELLO AUTOENTINTABLE MARCA COLOP CON AREA DE IMPRESION DE\u00a0 24 x 24 MM, TINTA COLOR NEGRO Y ROJO (OPCIONAL SIN TINTA, SOLO POR PEDIDO)<\/p>\n","protected":false},"featured_media":3315,"comment_status":"open","ping_status":"closed","template":"","meta":[],"product_brand":[],"product_cat":[15,140,119],"product_tag":[188,144,146,184,145,187,143,148,186,141,142],"class_list":{"0":"post-3314","1":"product","2":"type-product","3":"status-publish","4":"has-post-thumbnail","6":"product_cat-otros","7":"product_cat-sellos","8":"product_cat-tintas","9":"product_tag-188","10":"product_tag-auto","11":"product_tag-colop","12":"product_tag-dater","13":"product_tag-entintable","14":"product_tag-fechador","15":"product_tag-laser","16":"product_tag-printer","17":"product_tag-r50","18":"product_tag-sello","19":"product_tag-tinta","21":"first","22":"instock","23":"featured","24":"shipping-taxable","25":"purchasable","26":"product-type-simple"},"_links":{"self":[{"href":"https:\/\/fimeimprime.com\/index.php?rest_route=\/wp\/v2\/product\/3314","targetHints":{"allow":["GET"]}}],"collection":[{"href":"https:\/\/fimeimprime.com\/index.php?rest_route=\/wp\/v2\/product"}],"about":[{"href":"https:\/\/fimeimprime.com\/index.php?rest_route=\/wp\/v2\/types\/product"}],"replies":[{"embeddable":true,"href":"https:\/\/fimeimprime.com\/index.php?rest_route=%2Fwp%2Fv2%2Fcomments&post=3314"}],"wp:featuredmedia":[{"embeddable":true,"href":"https:\/\/fimeimprime.com\/index.php?rest_route=\/wp\/v2\/media\/3315"}],"wp:attachment":[{"href":"https:\/\/fimeimprime.com\/index.php?rest_route=%2Fwp%2Fv2%2Fmedia&parent=3314"}],"wp:term":[{"taxonomy":"product_brand","embeddable":true,"href":"https:\/\/fimeimprime.com\/index.php?rest_route=%2Fwp%2Fv2%2Fproduct_brand&post=3314"},{"taxonomy":"product_cat","embeddable":true,"href":"https:\/\/fimeimprime.com\/index.php?rest_route=%2Fwp%2Fv2%2Fproduct_cat&post=3314"},{"taxonomy":"product_tag","embeddable":true,"href":"https:\/\/fimeimprime.com\/index.php?rest_route=%2Fwp%2Fv2%2Fproduct_tag&post=3314"}],"curies":[{"name":"wp","href":"https:\/\/api.w.org\/{rel}","templated":true}]}}