{"id":3254,"date":"2023-02-24T12:46:37","date_gmt":"2023-02-24T19:46:37","guid":{"rendered":"https:\/\/fimeimprime.com\/?post_type=product&#038;p=3254"},"modified":"2023-02-24T12:58:01","modified_gmt":"2023-02-24T19:58:01","slug":"sello-auto-entintable-printer-r30-dater","status":"publish","type":"product","link":"https:\/\/fimeimprime.com\/?product=sello-auto-entintable-printer-r30-dater","title":{"rendered":"SELLO AUTO ENTINTABLE PRINTER R30 DATER"},"content":{"rendered":"<p>SELLO AUTOENTINTABLE (SIN GOMA) CON AREA DE IMPRESION DE 30 MM CON BASE REDONDA, CON 9.8 CM DE ALTO Y 4.4 X 4.9 CM DE BASE. CON TINTA EN COLOR NEGRO DE FABRICA, SE RECOMIENDA 4 LINEAS EN LA GOMA. SE PUEDE PEDIR SIN TINTA PERO SOLO BAJO PEDIDO.<\/p>\n<p>NOTA: El color de los art\u00edculos puede variar al color real, por la calibraci\u00f3n y resoluci\u00f3n de tu monitor.<\/p>\n","protected":false},"excerpt":{"rendered":"<p>SELLO AUTOENTINTABLE MARCA COLOP CON AREA DE IMPRESION DE 30 MM, TINTA COLOR NEGRO (OPCIONAL SIN TINTA, SOLO POR PEDIDO)<\/p>\n","protected":false},"featured_media":3255,"comment_status":"open","ping_status":"closed","template":"","meta":[],"product_brand":[],"product_cat":[15,140,119],"product_tag":[177,144,146,145,143,148,141,142],"class_list":{"0":"post-3254","1":"product","2":"type-product","3":"status-publish","4":"has-post-thumbnail","6":"product_cat-otros","7":"product_cat-sellos","8":"product_cat-tintas","9":"product_tag-177","10":"product_tag-auto","11":"product_tag-colop","12":"product_tag-entintable","13":"product_tag-laser","14":"product_tag-printer","15":"product_tag-sello","16":"product_tag-tinta","18":"first","19":"instock","20":"featured","21":"shipping-taxable","22":"purchasable","23":"product-type-simple"},"_links":{"self":[{"href":"https:\/\/fimeimprime.com\/index.php?rest_route=\/wp\/v2\/product\/3254","targetHints":{"allow":["GET"]}}],"collection":[{"href":"https:\/\/fimeimprime.com\/index.php?rest_route=\/wp\/v2\/product"}],"about":[{"href":"https:\/\/fimeimprime.com\/index.php?rest_route=\/wp\/v2\/types\/product"}],"replies":[{"embeddable":true,"href":"https:\/\/fimeimprime.com\/index.php?rest_route=%2Fwp%2Fv2%2Fcomments&post=3254"}],"wp:featuredmedia":[{"embeddable":true,"href":"https:\/\/fimeimprime.com\/index.php?rest_route=\/wp\/v2\/media\/3255"}],"wp:attachment":[{"href":"https:\/\/fimeimprime.com\/index.php?rest_route=%2Fwp%2Fv2%2Fmedia&parent=3254"}],"wp:term":[{"taxonomy":"product_brand","embeddable":true,"href":"https:\/\/fimeimprime.com\/index.php?rest_route=%2Fwp%2Fv2%2Fproduct_brand&post=3254"},{"taxonomy":"product_cat","embeddable":true,"href":"https:\/\/fimeimprime.com\/index.php?rest_route=%2Fwp%2Fv2%2Fproduct_cat&post=3254"},{"taxonomy":"product_tag","embeddable":true,"href":"https:\/\/fimeimprime.com\/index.php?rest_route=%2Fwp%2Fv2%2Fproduct_tag&post=3254"}],"curies":[{"name":"wp","href":"https:\/\/api.w.org\/{rel}","templated":true}]}}