{"id":3110,"date":"2022-12-19T15:33:04","date_gmt":"2022-12-19T22:33:04","guid":{"rendered":"https:\/\/fimeimprime.com\/?post_type=product&#038;p=3110"},"modified":"2023-02-13T12:43:32","modified_gmt":"2023-02-13T19:43:32","slug":"termo-de-acero-blanco-sublimable","status":"publish","type":"product","link":"https:\/\/fimeimprime.com\/?product=termo-de-acero-blanco-sublimable","title":{"rendered":"TERMO DE ACERO BLANCO SUBLIMABLE 16 OZ"},"content":{"rendered":"<p>Termo de acero blanco sublimable, con aza y tapadera de pl\u00e1stico negro, Excelente para mantener\u00a0 bebidas calientes o fr\u00edas por m\u00e1s tiempo. Elaborado en acero inoxidable. Con doble pared para un mayor aislamiento de las condiciones ambientales manteniendo as\u00ed la\u00a0temperatura de su contenido por m\u00e1s tiempo y disminuyendo la sensaci\u00f3n\u00a0de fr\u00edo o calor en las manos a la hora de manipularla.\u00a0100% Sublimable, obteni\u00e9ndose resultados profesionales y de gran belleza.<\/p>\n<p>NOTA: El color de los art\u00edculos puede variar al color real, por la calibraci\u00f3n y resoluci\u00f3n de tu monitor.<\/p>\n","protected":false},"excerpt":{"rendered":"<p>Termo de acero blanco sublimable 16 oz, con aza y tapadera de pl\u00e1stico, doble pared.\u00a0<\/p>\n<p>&#8211; Acero Inoxidable de calidad superior 304 en su pared interna.<br \/>.- Acero Inoxidable de calidad superior 201 en su pared externa.<br \/>.- Pol\u00edmero sublimable acorde con los par\u00e1metros de seguridad de la FDA.<br \/>.- Disponible en dos colores: blanco y Acero natural.<br \/>.- Alto de 15 cm y di\u00e1metro externo de 8.6 cm<br \/>.- Capacidad 16 Oz.<br \/>.- \u00c1rea sublimable de 6.5&#215;21 cm.<\/p>\n","protected":false},"featured_media":3123,"comment_status":"open","ping_status":"closed","template":"","meta":[],"product_brand":[],"product_cat":[70,101],"product_tag":[98,103,87,80,61],"class_list":{"0":"post-3110","1":"product","2":"type-product","3":"status-publish","4":"has-post-thumbnail","6":"product_cat-aceros","7":"product_cat-plasticos","8":"product_tag-bebidas","9":"product_tag-negro","10":"product_tag-plastico","11":"product_tag-sublimar","12":"product_tag-termo","14":"first","15":"instock","16":"shipping-taxable","17":"purchasable","18":"product-type-simple"},"_links":{"self":[{"href":"https:\/\/fimeimprime.com\/index.php?rest_route=\/wp\/v2\/product\/3110","targetHints":{"allow":["GET"]}}],"collection":[{"href":"https:\/\/fimeimprime.com\/index.php?rest_route=\/wp\/v2\/product"}],"about":[{"href":"https:\/\/fimeimprime.com\/index.php?rest_route=\/wp\/v2\/types\/product"}],"replies":[{"embeddable":true,"href":"https:\/\/fimeimprime.com\/index.php?rest_route=%2Fwp%2Fv2%2Fcomments&post=3110"}],"wp:featuredmedia":[{"embeddable":true,"href":"https:\/\/fimeimprime.com\/index.php?rest_route=\/wp\/v2\/media\/3123"}],"wp:attachment":[{"href":"https:\/\/fimeimprime.com\/index.php?rest_route=%2Fwp%2Fv2%2Fmedia&parent=3110"}],"wp:term":[{"taxonomy":"product_brand","embeddable":true,"href":"https:\/\/fimeimprime.com\/index.php?rest_route=%2Fwp%2Fv2%2Fproduct_brand&post=3110"},{"taxonomy":"product_cat","embeddable":true,"href":"https:\/\/fimeimprime.com\/index.php?rest_route=%2Fwp%2Fv2%2Fproduct_cat&post=3110"},{"taxonomy":"product_tag","embeddable":true,"href":"https:\/\/fimeimprime.com\/index.php?rest_route=%2Fwp%2Fv2%2Fproduct_tag&post=3110"}],"curies":[{"name":"wp","href":"https:\/\/api.w.org\/{rel}","templated":true}]}}