{"id":3103,"date":"2022-11-23T15:27:23","date_gmt":"2022-11-23T22:27:23","guid":{"rendered":"https:\/\/fimeimprime.com\/?post_type=product&#038;p=3103"},"modified":"2023-02-10T15:12:16","modified_gmt":"2023-02-10T22:12:16","slug":"vaso-para-vino-de-acero-con-tapa","status":"publish","type":"product","link":"https:\/\/fimeimprime.com\/?product=vaso-para-vino-de-acero-con-tapa","title":{"rendered":"VASO PARA VINO DE ACERO CON TAPA"},"content":{"rendered":"<p>Elaborada con acero de primera calidad, que se refleja en el c\u00e1lido brillo de su superficie y suavidad al tacto. Con doble pared para un<br \/>mayor aislamiento de las condiciones ambientales manteniendo as\u00ed la temperatura de su contenido por m\u00e1s tiempo y disminuyendo la sensaci\u00f3n de fr\u00edo o calor en las manos a la hora de manipularla. 100% Sublimable, obteni\u00e9ndose resultados profesionales y de gran belleza.<\/p>\n<p><\/p>\n<p>NOTA: El color de los art\u00edculos puede variar al color real, por la calibraci\u00f3n y resoluci\u00f3n de tu monitor.<\/p>\n","protected":false},"excerpt":{"rendered":"<p>VASO DE ACERO SUBLIMABLE PARA VINO COLOR PLATA Y BLANCO 300 ML<\/p>\n<p>&#8211; Acero Inoxidable de calidad superior 304 en su pared interna.<br \/>.- Acero Inoxidable de calidad superior 201 en su pared externa.<br \/>.- Pol\u00edmero sublimable acorde con los par\u00e1metros de seguridad de la FDA.<br \/>.- Disponible en color blanco y acero natural.<br \/>.- Hermosos y variados modelos dise\u00f1ados para cada ocasi\u00f3n.<br \/>.- Capacidad 450 ml<\/p>\n","protected":false},"featured_media":3106,"comment_status":"open","ping_status":"closed","template":"","meta":[],"product_brand":[],"product_cat":[70,68],"product_tag":[],"class_list":{"0":"post-3103","1":"product","2":"type-product","3":"status-publish","4":"has-post-thumbnail","6":"product_cat-aceros","7":"product_cat-vaso-para-sublimar","9":"first","10":"instock","11":"shipping-taxable","12":"purchasable","13":"product-type-variable"},"_links":{"self":[{"href":"https:\/\/fimeimprime.com\/index.php?rest_route=\/wp\/v2\/product\/3103","targetHints":{"allow":["GET"]}}],"collection":[{"href":"https:\/\/fimeimprime.com\/index.php?rest_route=\/wp\/v2\/product"}],"about":[{"href":"https:\/\/fimeimprime.com\/index.php?rest_route=\/wp\/v2\/types\/product"}],"replies":[{"embeddable":true,"href":"https:\/\/fimeimprime.com\/index.php?rest_route=%2Fwp%2Fv2%2Fcomments&post=3103"}],"wp:featuredmedia":[{"embeddable":true,"href":"https:\/\/fimeimprime.com\/index.php?rest_route=\/wp\/v2\/media\/3106"}],"wp:attachment":[{"href":"https:\/\/fimeimprime.com\/index.php?rest_route=%2Fwp%2Fv2%2Fmedia&parent=3103"}],"wp:term":[{"taxonomy":"product_brand","embeddable":true,"href":"https:\/\/fimeimprime.com\/index.php?rest_route=%2Fwp%2Fv2%2Fproduct_brand&post=3103"},{"taxonomy":"product_cat","embeddable":true,"href":"https:\/\/fimeimprime.com\/index.php?rest_route=%2Fwp%2Fv2%2Fproduct_cat&post=3103"},{"taxonomy":"product_tag","embeddable":true,"href":"https:\/\/fimeimprime.com\/index.php?rest_route=%2Fwp%2Fv2%2Fproduct_tag&post=3103"}],"curies":[{"name":"wp","href":"https:\/\/api.w.org\/{rel}","templated":true}]}}