{"id":3068,"date":"2022-11-12T10:16:26","date_gmt":"2022-11-12T17:16:26","guid":{"rendered":"https:\/\/fimeimprime.com\/?post_type=product&#038;p=3068"},"modified":"2024-04-12T09:03:25","modified_gmt":"2024-04-12T16:03:25","slug":"sello-auto-entintable-printer-q12","status":"publish","type":"product","link":"https:\/\/fimeimprime.com\/?product=sello-auto-entintable-printer-q12","title":{"rendered":"SELLO AUTO ENTINTABLE PRINTER Q12"},"content":{"rendered":"<p>SELLO AUTOENTINTABLE (SIN GOMA) CON AREA DE IMPRESION DE 12 MM CON BASE CUADRADA, EL MAS PEQUE\u00d1O EN AREA DE IMPRESION. CON 5.7 CM DE ALTO Y 2.4 X 2.4 CM DE BASE. CON TINTA EN COLOR NEGRO DE FABRICA, SE PUEDE PEDIR SIN TINTA PERO SOLO BAJO PEDIDO.<\/p>\n<p><br data-mce-bogus=\"1\"><\/p>\n<p><span>NOTA: El color de los art\u00edculos puede variar al color real, por la calibraci\u00f3n y resoluci\u00f3n de tu monitor.<\/span><br data-mce-bogus=\"1\"><\/p>\n","protected":false},"excerpt":{"rendered":"<p>SELLO AUTOENTINTABLE MARCA COLOP CON AREA DE IMPRESION DE 12 MM, TINTA COLOR NEGRO (OPCIONAL SIN TINTA, SOLO POR PEDIDO)<\/p>\n","protected":false},"featured_media":3069,"comment_status":"open","ping_status":"closed","template":"","meta":[],"product_brand":[],"product_cat":[15,140,119],"product_tag":[144,146,145,143,148,150,147,141,142],"class_list":{"0":"post-3068","1":"product","2":"type-product","3":"status-publish","4":"has-post-thumbnail","6":"product_cat-otros","7":"product_cat-sellos","8":"product_cat-tintas","9":"product_tag-auto","10":"product_tag-colop","11":"product_tag-entintable","12":"product_tag-laser","13":"product_tag-printer","14":"product_tag-q12","15":"product_tag-r12","16":"product_tag-sello","17":"product_tag-tinta","19":"first","20":"outofstock","21":"shipping-taxable","22":"purchasable","23":"product-type-simple"},"_links":{"self":[{"href":"https:\/\/fimeimprime.com\/index.php?rest_route=\/wp\/v2\/product\/3068","targetHints":{"allow":["GET"]}}],"collection":[{"href":"https:\/\/fimeimprime.com\/index.php?rest_route=\/wp\/v2\/product"}],"about":[{"href":"https:\/\/fimeimprime.com\/index.php?rest_route=\/wp\/v2\/types\/product"}],"replies":[{"embeddable":true,"href":"https:\/\/fimeimprime.com\/index.php?rest_route=%2Fwp%2Fv2%2Fcomments&post=3068"}],"wp:featuredmedia":[{"embeddable":true,"href":"https:\/\/fimeimprime.com\/index.php?rest_route=\/wp\/v2\/media\/3069"}],"wp:attachment":[{"href":"https:\/\/fimeimprime.com\/index.php?rest_route=%2Fwp%2Fv2%2Fmedia&parent=3068"}],"wp:term":[{"taxonomy":"product_brand","embeddable":true,"href":"https:\/\/fimeimprime.com\/index.php?rest_route=%2Fwp%2Fv2%2Fproduct_brand&post=3068"},{"taxonomy":"product_cat","embeddable":true,"href":"https:\/\/fimeimprime.com\/index.php?rest_route=%2Fwp%2Fv2%2Fproduct_cat&post=3068"},{"taxonomy":"product_tag","embeddable":true,"href":"https:\/\/fimeimprime.com\/index.php?rest_route=%2Fwp%2Fv2%2Fproduct_tag&post=3068"}],"curies":[{"name":"wp","href":"https:\/\/api.w.org\/{rel}","templated":true}]}}