{"id":2983,"date":"2022-09-21T08:14:37","date_gmt":"2022-09-21T15:14:37","guid":{"rendered":"https:\/\/fimeimprime.com\/product\/taza-con-cuchara-con-interior-negro\/"},"modified":"2023-02-10T15:22:15","modified_gmt":"2023-02-10T22:22:15","slug":"taza-con-cuchara-con-interior-negro","status":"publish","type":"product","link":"https:\/\/fimeimprime.com\/?product=taza-con-cuchara-con-interior-negro","title":{"rendered":"TAZA CON CUCHARA CON INTERIOR NEGRO"},"content":{"rendered":"<p>Capacidad de 11 oz, sublimable, ideal para regalo, se puede poner fotograf\u00edas, ilustraciones, texto, , Promociones, regalos, logos de empresas y su marca pueden estar plasmado en esta taza.<\/p>\n<p><\/p>\n<p>NOTA: El color de los art\u00edculos puede variar al color real, por la calibraci\u00f3n y resoluci\u00f3n de tu monitor.<\/p>\n","protected":false},"excerpt":{"rendered":"<p>Taza con cuchara blanca con interior negro<\/p>\n<p>Material: Cer\u00e1mica<br \/>Colores: Blanca con fondo y cuchara negra<\/p>\n<p>Alto: 9.7 cms<br \/>Diametro Externo: 8.3 cms<br \/>Capacidad: 11 Oz.<br \/>\u00c1rea sublimable: 9,5 x 20 cms<\/p>\n","protected":false},"featured_media":2979,"comment_status":"open","ping_status":"closed","template":"","meta":[],"product_brand":[],"product_cat":[73],"product_tag":[],"class_list":{"0":"post-2983","1":"product","2":"type-product","3":"status-publish","4":"has-post-thumbnail","6":"product_cat-ceramica","8":"first","9":"instock","10":"shipping-taxable","11":"purchasable","12":"product-type-simple"},"_links":{"self":[{"href":"https:\/\/fimeimprime.com\/index.php?rest_route=\/wp\/v2\/product\/2983","targetHints":{"allow":["GET"]}}],"collection":[{"href":"https:\/\/fimeimprime.com\/index.php?rest_route=\/wp\/v2\/product"}],"about":[{"href":"https:\/\/fimeimprime.com\/index.php?rest_route=\/wp\/v2\/types\/product"}],"replies":[{"embeddable":true,"href":"https:\/\/fimeimprime.com\/index.php?rest_route=%2Fwp%2Fv2%2Fcomments&post=2983"}],"wp:featuredmedia":[{"embeddable":true,"href":"https:\/\/fimeimprime.com\/index.php?rest_route=\/wp\/v2\/media\/2979"}],"wp:attachment":[{"href":"https:\/\/fimeimprime.com\/index.php?rest_route=%2Fwp%2Fv2%2Fmedia&parent=2983"}],"wp:term":[{"taxonomy":"product_brand","embeddable":true,"href":"https:\/\/fimeimprime.com\/index.php?rest_route=%2Fwp%2Fv2%2Fproduct_brand&post=2983"},{"taxonomy":"product_cat","embeddable":true,"href":"https:\/\/fimeimprime.com\/index.php?rest_route=%2Fwp%2Fv2%2Fproduct_cat&post=2983"},{"taxonomy":"product_tag","embeddable":true,"href":"https:\/\/fimeimprime.com\/index.php?rest_route=%2Fwp%2Fv2%2Fproduct_tag&post=2983"}],"curies":[{"name":"wp","href":"https:\/\/api.w.org\/{rel}","templated":true}]}}