{"id":2847,"date":"2021-03-24T21:06:15","date_gmt":"2021-03-25T04:06:15","guid":{"rendered":"https:\/\/fimeimprime.com\/product\/botella-deportiva-de-aluminio\/"},"modified":"2023-02-10T15:13:13","modified_gmt":"2023-02-10T22:13:13","slug":"botella-deportiva-de-aluminio","status":"publish","type":"product","link":"https:\/\/fimeimprime.com\/?product=botella-deportiva-de-aluminio","title":{"rendered":"BOTELLA DEPORTIVA DE ALUMINIO SUBLIMABLE"},"content":{"rendered":"<p style=\"background-image: initial;background-position: 0px 0px;background-size: initial;background-attachment: initial;border: 0px;margin: 16px 0px;padding: 0px;vertical-align: baseline;font-family: Raleway, sans-serif;font-size: 14px;text-align: justify !important\" data-mce-style=\"background-image: initial; background-position: 0px 0px; background-size: initial; background-attachment: initial; border: 0px; margin: 16px 0px; padding: 0px; vertical-align: baseline; font-family: Raleway, sans-serif; font-size: 14px; text-align: justify !important;\">Para quienes no pierden el glamour en ninguna circunstancia y siempre desean llevar un porte elegante y refinado, Fime Imprime trae esta linda pieza hecha totalmente en aluminio, con tapas colores y sobre tapa de fuerte, transparente y brillante acr\u00edlico.<\/p>\n<p style=\"background-image: initial;background-position: 0px 0px;background-size: initial;background-attachment: initial;border: 0px;margin: 16px 0px;padding: 0px;vertical-align: baseline;font-family: Raleway, sans-serif;font-size: 14px;text-align: justify !important\" data-mce-style=\"background-image: initial; background-position: 0px 0px; background-size: initial; background-attachment: initial; border: 0px; margin: 16px 0px; padding: 0px; vertical-align: baseline; font-family: Raleway, sans-serif; font-size: 14px; text-align: justify !important;\">Dise\u00f1ada con hermosas l\u00edneas rectas que resaltan la clase y estilo y totalmente sublimable para que puedas acompa\u00f1ar su belleza con la imagen de tu preferencia.<\/p>\n<p>NOTA: El color de los art\u00edculos puede variar al color real, por la calibraci\u00f3n y resoluci\u00f3n de tu monitor.<\/p>\n","protected":false},"excerpt":{"rendered":"<p>BOTELLA DEPORTIVA DE ALUMINIO COLOR BLANCO CON BORDE ROJO O NEGRO Y PLATA CON BORDE NEGRO DE 750ML, SUBLIMABLE, Y TAPADERA DE ACRILICO TRANSPARENTE ENROSCABLE.<\/p>\n","protected":false},"featured_media":3025,"comment_status":"open","ping_status":"closed","template":"","meta":[],"product_brand":[],"product_cat":[72],"product_tag":[100,98,69,80],"class_list":{"0":"post-2847","1":"product","2":"type-product","3":"status-publish","4":"has-post-thumbnail","6":"product_cat-aluminios","7":"product_tag-aluminio","8":"product_tag-bebidas","9":"product_tag-botella","10":"product_tag-sublimar","12":"first","13":"outofstock","14":"sold-individually","15":"shipping-taxable","16":"purchasable","17":"product-type-variable"},"_links":{"self":[{"href":"https:\/\/fimeimprime.com\/index.php?rest_route=\/wp\/v2\/product\/2847","targetHints":{"allow":["GET"]}}],"collection":[{"href":"https:\/\/fimeimprime.com\/index.php?rest_route=\/wp\/v2\/product"}],"about":[{"href":"https:\/\/fimeimprime.com\/index.php?rest_route=\/wp\/v2\/types\/product"}],"replies":[{"embeddable":true,"href":"https:\/\/fimeimprime.com\/index.php?rest_route=%2Fwp%2Fv2%2Fcomments&post=2847"}],"wp:featuredmedia":[{"embeddable":true,"href":"https:\/\/fimeimprime.com\/index.php?rest_route=\/wp\/v2\/media\/3025"}],"wp:attachment":[{"href":"https:\/\/fimeimprime.com\/index.php?rest_route=%2Fwp%2Fv2%2Fmedia&parent=2847"}],"wp:term":[{"taxonomy":"product_brand","embeddable":true,"href":"https:\/\/fimeimprime.com\/index.php?rest_route=%2Fwp%2Fv2%2Fproduct_brand&post=2847"},{"taxonomy":"product_cat","embeddable":true,"href":"https:\/\/fimeimprime.com\/index.php?rest_route=%2Fwp%2Fv2%2Fproduct_cat&post=2847"},{"taxonomy":"product_tag","embeddable":true,"href":"https:\/\/fimeimprime.com\/index.php?rest_route=%2Fwp%2Fv2%2Fproduct_tag&post=2847"}],"curies":[{"name":"wp","href":"https:\/\/api.w.org\/{rel}","templated":true}]}}