{"id":2841,"date":"2021-03-24T20:45:23","date_gmt":"2021-03-25T03:45:23","guid":{"rendered":"https:\/\/fimeimprime.com\/product\/tarro-cervecero-glaseado\/"},"modified":"2023-02-11T09:11:37","modified_gmt":"2023-02-11T16:11:37","slug":"tarro-cervecero-glaseado","status":"publish","type":"product","link":"https:\/\/fimeimprime.com\/?product=tarro-cervecero-glaseado","title":{"rendered":"TARRO CERVECERO ESMERILADO SUBLIMABLE 16 OZ"},"content":{"rendered":"<p><span style=\"font-family: Raleway, sans-serif;font-size: 14px;text-align: justify\" data-mce-style=\"font-family: Raleway, sans-serif; font-size: 14px; text-align: justify;\">Tan importante es la bebida como la presentaci\u00f3n en que se sirve. La espectacular jarra cervecera de vidrio esmerilado\u00a0 expande los sentidos a la hora de degustar la espumosa bebida. Combinando el hermoso acabado mate de su superficie con cualquier dise\u00f1o o imagen que se le quiera estampar usando la t\u00e9cnica de sublimaci\u00f3n con fines promocionales, publicitarios, uso corporativo, bares, restaurantes, conmemoraci\u00f3n, o de motivos personales como recuerdos, celebraciones, im\u00e1genes familiares, de mascotas, y con cualquier otro que se desee personalizar, la elegancia, belleza y personalidad de este producto ofrecer\u00e1 distinci\u00f3n en dondequiera que se use. Como obsequio personal aplica excelentemente y para su uso en sitios comerciales brinda ese toque de clase que engalana.<\/span><\/p>\n<p><\/p>\n<p>NOTA: El color de los art\u00edculos puede variar al color real, por la calibraci\u00f3n y resoluci\u00f3n de tu monitor.<\/p>\n","protected":false},"excerpt":{"rendered":"<p>TARRO CERVECERO ESMERILADO 16oz SUBLIMABLE<\/p>\n","protected":false},"featured_media":3004,"comment_status":"open","ping_status":"closed","template":"","meta":[],"product_brand":[],"product_cat":[93],"product_tag":[96,97,80,95,94],"class_list":{"0":"post-2841","1":"product","2":"type-product","3":"status-publish","4":"has-post-thumbnail","6":"product_cat-vidrios","7":"product_tag-cervecero","8":"product_tag-glaseado","9":"product_tag-sublimar","10":"product_tag-tarro","11":"product_tag-vidrio","13":"first","14":"instock","15":"shipping-taxable","16":"purchasable","17":"product-type-simple"},"_links":{"self":[{"href":"https:\/\/fimeimprime.com\/index.php?rest_route=\/wp\/v2\/product\/2841","targetHints":{"allow":["GET"]}}],"collection":[{"href":"https:\/\/fimeimprime.com\/index.php?rest_route=\/wp\/v2\/product"}],"about":[{"href":"https:\/\/fimeimprime.com\/index.php?rest_route=\/wp\/v2\/types\/product"}],"replies":[{"embeddable":true,"href":"https:\/\/fimeimprime.com\/index.php?rest_route=%2Fwp%2Fv2%2Fcomments&post=2841"}],"wp:featuredmedia":[{"embeddable":true,"href":"https:\/\/fimeimprime.com\/index.php?rest_route=\/wp\/v2\/media\/3004"}],"wp:attachment":[{"href":"https:\/\/fimeimprime.com\/index.php?rest_route=%2Fwp%2Fv2%2Fmedia&parent=2841"}],"wp:term":[{"taxonomy":"product_brand","embeddable":true,"href":"https:\/\/fimeimprime.com\/index.php?rest_route=%2Fwp%2Fv2%2Fproduct_brand&post=2841"},{"taxonomy":"product_cat","embeddable":true,"href":"https:\/\/fimeimprime.com\/index.php?rest_route=%2Fwp%2Fv2%2Fproduct_cat&post=2841"},{"taxonomy":"product_tag","embeddable":true,"href":"https:\/\/fimeimprime.com\/index.php?rest_route=%2Fwp%2Fv2%2Fproduct_tag&post=2841"}],"curies":[{"name":"wp","href":"https:\/\/api.w.org\/{rel}","templated":true}]}}