{"id":2745,"date":"2020-12-14T00:50:10","date_gmt":"2020-12-14T07:50:10","guid":{"rendered":"https:\/\/fimeimprime.com\/product\/toallita-cocina-sublimable\/"},"modified":"2020-12-14T12:45:39","modified_gmt":"2020-12-14T19:45:39","slug":"toallita-cocina-sublimable","status":"publish","type":"product","link":"https:\/\/fimeimprime.com\/?product=toallita-cocina-sublimable","title":{"rendered":"TOALLA DE COCINA SUBLIMABLE"},"content":{"rendered":"<div>\n<p>Dentro de aquellos peque\u00f1os detalles de uso cotidiano y que por lo general pasan desapercibidos ante nosotros pero !vaya que hacen<br \/>falta cuando nos damos cuenta que nos est\u00e1n faltando! se encuentran, y en una posici\u00f3n relevante, las toallas de mano, o de cocina como tambi\u00e9n se les conoce. En el ba\u00f1o, la cocina, el auto, la pa\u00f1alera, en fin, una toalla peque\u00f1a es un salvavidas indispensable y multiuso.<\/p>\n<p>Fime Imprime convierte esta importante y \u00fatil pieza de nuestras labores cotidianas, en un elemento hermoso y con significado, al otorgarle la<br \/>cualidad de ser sublimado, imprimiendo los m\u00e1s bellos, significativos y personalizables dise\u00f1os o im\u00e1genes alusivas a aquello que tanto nos<br \/>gusta o represente para nosotros.<\/p>\n<\/div>\n","protected":false},"excerpt":{"rendered":"<p>TOALLITA COCINA SUBLIMABLE<\/p>\n","protected":false},"featured_media":2744,"comment_status":"open","ping_status":"closed","template":"","meta":[],"product_brand":[],"product_cat":[77],"product_tag":[],"class_list":{"0":"post-2745","1":"product","2":"type-product","3":"status-publish","4":"has-post-thumbnail","6":"product_cat-textiles","8":"first","9":"instock","10":"shipping-taxable","11":"purchasable","12":"product-type-simple"},"_links":{"self":[{"href":"https:\/\/fimeimprime.com\/index.php?rest_route=\/wp\/v2\/product\/2745","targetHints":{"allow":["GET"]}}],"collection":[{"href":"https:\/\/fimeimprime.com\/index.php?rest_route=\/wp\/v2\/product"}],"about":[{"href":"https:\/\/fimeimprime.com\/index.php?rest_route=\/wp\/v2\/types\/product"}],"replies":[{"embeddable":true,"href":"https:\/\/fimeimprime.com\/index.php?rest_route=%2Fwp%2Fv2%2Fcomments&post=2745"}],"wp:featuredmedia":[{"embeddable":true,"href":"https:\/\/fimeimprime.com\/index.php?rest_route=\/wp\/v2\/media\/2744"}],"wp:attachment":[{"href":"https:\/\/fimeimprime.com\/index.php?rest_route=%2Fwp%2Fv2%2Fmedia&parent=2745"}],"wp:term":[{"taxonomy":"product_brand","embeddable":true,"href":"https:\/\/fimeimprime.com\/index.php?rest_route=%2Fwp%2Fv2%2Fproduct_brand&post=2745"},{"taxonomy":"product_cat","embeddable":true,"href":"https:\/\/fimeimprime.com\/index.php?rest_route=%2Fwp%2Fv2%2Fproduct_cat&post=2745"},{"taxonomy":"product_tag","embeddable":true,"href":"https:\/\/fimeimprime.com\/index.php?rest_route=%2Fwp%2Fv2%2Fproduct_tag&post=2745"}],"curies":[{"name":"wp","href":"https:\/\/api.w.org\/{rel}","templated":true}]}}