{"id":2583,"date":"2020-12-11T04:03:20","date_gmt":"2020-12-11T11:03:20","guid":{"rendered":"https:\/\/fimeimprime.com\/product\/vasos-tequileros-2-5-oz-colores-variados\/"},"modified":"2023-02-11T09:01:44","modified_gmt":"2023-02-11T16:01:44","slug":"vasos-tequileros-2-5-oz-colores-variados","status":"publish","type":"product","link":"https:\/\/fimeimprime.com\/?product=vasos-tequileros-2-5-oz-colores-variados","title":{"rendered":"VASO TEQUILERO, CABALLITO ESMERILADO"},"content":{"rendered":"<h1 class=\"edgtf-single-product-title\">Vasito tequilero de vidrio esmerilado, totalmente sublimable, 2.5 oz<\/h1>\n<p>NOTA: El color de los art\u00edculos puede variar al color real, por la calibraci\u00f3n y resoluci\u00f3n de tu monitor.<\/p>\n","protected":false},"excerpt":{"rendered":"<h1 class=\"edgtf-single-product-title\">Vasito tequilero de vidrio esmerilado, totalmente sublimable, 2.5 oz<br \/><\/h1>\n","protected":false},"featured_media":2985,"comment_status":"open","ping_status":"closed","template":"","meta":[],"product_brand":[],"product_cat":[15,93],"product_tag":[156,97,155,154,65],"class_list":{"0":"post-2583","1":"product","2":"type-product","3":"status-publish","4":"has-post-thumbnail","6":"product_cat-otros","7":"product_cat-vidrios","8":"product_tag-esmerilado","9":"product_tag-glaseado","10":"product_tag-sublimable","11":"product_tag-tequilero","12":"product_tag-vaso","14":"first","15":"instock","16":"shipping-taxable","17":"purchasable","18":"product-type-variable"},"_links":{"self":[{"href":"https:\/\/fimeimprime.com\/index.php?rest_route=\/wp\/v2\/product\/2583","targetHints":{"allow":["GET"]}}],"collection":[{"href":"https:\/\/fimeimprime.com\/index.php?rest_route=\/wp\/v2\/product"}],"about":[{"href":"https:\/\/fimeimprime.com\/index.php?rest_route=\/wp\/v2\/types\/product"}],"replies":[{"embeddable":true,"href":"https:\/\/fimeimprime.com\/index.php?rest_route=%2Fwp%2Fv2%2Fcomments&post=2583"}],"wp:featuredmedia":[{"embeddable":true,"href":"https:\/\/fimeimprime.com\/index.php?rest_route=\/wp\/v2\/media\/2985"}],"wp:attachment":[{"href":"https:\/\/fimeimprime.com\/index.php?rest_route=%2Fwp%2Fv2%2Fmedia&parent=2583"}],"wp:term":[{"taxonomy":"product_brand","embeddable":true,"href":"https:\/\/fimeimprime.com\/index.php?rest_route=%2Fwp%2Fv2%2Fproduct_brand&post=2583"},{"taxonomy":"product_cat","embeddable":true,"href":"https:\/\/fimeimprime.com\/index.php?rest_route=%2Fwp%2Fv2%2Fproduct_cat&post=2583"},{"taxonomy":"product_tag","embeddable":true,"href":"https:\/\/fimeimprime.com\/index.php?rest_route=%2Fwp%2Fv2%2Fproduct_tag&post=2583"}],"curies":[{"name":"wp","href":"https:\/\/api.w.org\/{rel}","templated":true}]}}