{"id":2567,"date":"2020-12-11T03:30:53","date_gmt":"2020-12-11T10:30:53","guid":{"rendered":"https:\/\/fimeimprime.com\/product\/taza-conica-para-sublimar-17-oz\/"},"modified":"2023-02-10T15:34:43","modified_gmt":"2023-02-10T22:34:43","slug":"taza-conica-para-sublimar-17-oz","status":"publish","type":"product","link":"https:\/\/fimeimprime.com\/?product=taza-conica-para-sublimar-17-oz","title":{"rendered":"TAZA C\u00d3NICA PARA SUBLIMAR 17 OZ"},"content":{"rendered":"<p>Con forma estilizada y capacidad extra para gustos exigentes, elaborada con cer\u00e1mica de primera que le otorga un espectacular color blanco puro y brillante y una belleza \u00fanica que se complementa con su propiedad 100% sublimable con impactantes dise\u00f1os personalizados, esta taza se convierte en parte indispensable del inventario de toda empresa o negocio dedicado a la venta de productos para la sublimaci\u00f3n.<br \/>Su exclusiva forma c\u00f3nica, su asa de dise\u00f1o moderno, de lineas largas y elegantes, proyectan lujo y distinci\u00f3n. Su recubrimiento con pol\u00edmeros de poli\u00e9ster dise\u00f1ado para uso espec\u00edfico en cer\u00e1micas, permite una perfecta fijaci\u00f3n de la tinta, y por ende de cualquier imagen que se desee plasmar sobre ella con motivos personalizados otorgando mayor permanencia en el tiempo y ante el uso continuo, sin deteriorarse ni perder calidad en sus colores. Como obsequios para cualquier ocasi\u00f3n, souvenirs, celebraci\u00f3n, publicidad de marcas o productos, conmemoraci\u00f3n, eventos o simplemente como accesorio de uso personal impresos con el dise\u00f1o que se desee o<br \/>prefiera, esta taza no puede faltar dentro de los art\u00edculos de uso diario en el hogar, oficina o establecimiento comercial.<\/p>\n<p><\/p>\n<p>NOTA: El color de los art\u00edculos puede variar al color real, por la calibraci\u00f3n y resoluci\u00f3n de tu monitor.<\/p>\n","protected":false},"excerpt":{"rendered":"<h1 class=\"edgtf-single-product-title\">Taza blanca c\u00f3nica de 17 onzas<\/h1>\n<p>Alto: 15 cm<br \/>Medida externa superior: 24 cm<br \/>Medida de la base: 20,5 cm<\/p>\n","protected":false},"featured_media":2960,"comment_status":"open","ping_status":"closed","template":"","meta":[],"product_brand":[],"product_cat":[73],"product_tag":[161,160,158,159,83],"class_list":{"0":"post-2567","1":"product","2":"type-product","3":"status-publish","4":"has-post-thumbnail","6":"product_cat-ceramica","7":"product_tag-17-onzas","8":"product_tag-blanca","9":"product_tag-conica","10":"product_tag-sublimado","11":"product_tag-taza","13":"first","14":"instock","15":"featured","16":"shipping-taxable","17":"purchasable","18":"product-type-simple"},"_links":{"self":[{"href":"https:\/\/fimeimprime.com\/index.php?rest_route=\/wp\/v2\/product\/2567","targetHints":{"allow":["GET"]}}],"collection":[{"href":"https:\/\/fimeimprime.com\/index.php?rest_route=\/wp\/v2\/product"}],"about":[{"href":"https:\/\/fimeimprime.com\/index.php?rest_route=\/wp\/v2\/types\/product"}],"replies":[{"embeddable":true,"href":"https:\/\/fimeimprime.com\/index.php?rest_route=%2Fwp%2Fv2%2Fcomments&post=2567"}],"wp:featuredmedia":[{"embeddable":true,"href":"https:\/\/fimeimprime.com\/index.php?rest_route=\/wp\/v2\/media\/2960"}],"wp:attachment":[{"href":"https:\/\/fimeimprime.com\/index.php?rest_route=%2Fwp%2Fv2%2Fmedia&parent=2567"}],"wp:term":[{"taxonomy":"product_brand","embeddable":true,"href":"https:\/\/fimeimprime.com\/index.php?rest_route=%2Fwp%2Fv2%2Fproduct_brand&post=2567"},{"taxonomy":"product_cat","embeddable":true,"href":"https:\/\/fimeimprime.com\/index.php?rest_route=%2Fwp%2Fv2%2Fproduct_cat&post=2567"},{"taxonomy":"product_tag","embeddable":true,"href":"https:\/\/fimeimprime.com\/index.php?rest_route=%2Fwp%2Fv2%2Fproduct_tag&post=2567"}],"curies":[{"name":"wp","href":"https:\/\/api.w.org\/{rel}","templated":true}]}}