{"id":2534,"date":"2020-12-10T02:06:39","date_gmt":"2020-12-10T09:06:39","guid":{"rendered":"https:\/\/fimeimprime.com\/product\/tazas-para-sublimar-distintas-presentaciones-de-11-oz\/"},"modified":"2023-02-11T12:56:17","modified_gmt":"2023-02-11T19:56:17","slug":"tazas-para-sublimar-distintas-presentaciones-de-11-oz","status":"publish","type":"product","link":"https:\/\/fimeimprime.com\/?product=tazas-para-sublimar-distintas-presentaciones-de-11-oz","title":{"rendered":"TAZAS PARA SUBLIMAR ROSE GOLD Y PLATA 11 OZ"},"content":{"rendered":"<p>Colores vibrantes, \u00fanicos, exclusivos e innovadores de estas tazas para sublimaci\u00f3n de Fime Imprime realmente rompen los par\u00e1metros tradicionales de este tipo de promocionales. Su hermoso y nada frecuente color, establece un reto a la imaginaci\u00f3n de los creativos para poder presentar dise\u00f1os verdaderamente fuera de lo com\u00fan, hechos con exquisito gusto y personalidad propia para explotar al m\u00e1ximo la belleza de esta pieza.<\/p>\n<p>La sublimaci\u00f3n de esta taza se reserva a los mejores; a aquellos cuya imaginaci\u00f3n no tiene l\u00edmites y quienes puedan estampar en ella la<br \/>policrom\u00eda exacta que la convierta en \u00fanica. 100% sublimable. Atr\u00e9vete a innovar en tu hogar, oficina, negocio o comercio con esta<br \/>taza. Promociona, publicita, proyecta tu imagen y la de tu empresa o marca sobre la superficie del espectacular cer\u00e1mico Plateado, Dorado y acabado espejo.<\/p>\n<p><\/p>\n<p>NOTA: El color de los art\u00edculos puede variar al color real, por la calibraci\u00f3n y resoluci\u00f3n de tu monitor.<\/p>\n","protected":false},"excerpt":{"rendered":"<p>Cer\u00e1mica de primera procesada en ambiente de cera part\u00edculas.<br \/>.- Color: Rose Gold y Plata. <br \/>.- Recubierta con pol\u00edmero de formulaci\u00f3n exclusiva <br \/>.- Capacidad de 11oz<br \/>.- Alto: 9.7cms<br \/>.- Di\u00e1metro externo: 8.3cms<br \/>.- \u00c1rea sublimable: 8.5x20cms<\/p>\n","protected":false},"featured_media":2951,"comment_status":"open","ping_status":"closed","template":"","meta":[],"product_brand":[],"product_cat":[73],"product_tag":[167,168,128,127,155,83],"class_list":{"0":"post-2534","1":"product","2":"type-product","3":"status-publish","4":"has-post-thumbnail","6":"product_cat-ceramica","7":"product_tag-gold","8":"product_tag-oro","9":"product_tag-plata","10":"product_tag-rosa","11":"product_tag-sublimable","12":"product_tag-taza","14":"first","15":"instock","16":"shipping-taxable","17":"purchasable","18":"product-type-variable"},"_links":{"self":[{"href":"https:\/\/fimeimprime.com\/index.php?rest_route=\/wp\/v2\/product\/2534","targetHints":{"allow":["GET"]}}],"collection":[{"href":"https:\/\/fimeimprime.com\/index.php?rest_route=\/wp\/v2\/product"}],"about":[{"href":"https:\/\/fimeimprime.com\/index.php?rest_route=\/wp\/v2\/types\/product"}],"replies":[{"embeddable":true,"href":"https:\/\/fimeimprime.com\/index.php?rest_route=%2Fwp%2Fv2%2Fcomments&post=2534"}],"wp:featuredmedia":[{"embeddable":true,"href":"https:\/\/fimeimprime.com\/index.php?rest_route=\/wp\/v2\/media\/2951"}],"wp:attachment":[{"href":"https:\/\/fimeimprime.com\/index.php?rest_route=%2Fwp%2Fv2%2Fmedia&parent=2534"}],"wp:term":[{"taxonomy":"product_brand","embeddable":true,"href":"https:\/\/fimeimprime.com\/index.php?rest_route=%2Fwp%2Fv2%2Fproduct_brand&post=2534"},{"taxonomy":"product_cat","embeddable":true,"href":"https:\/\/fimeimprime.com\/index.php?rest_route=%2Fwp%2Fv2%2Fproduct_cat&post=2534"},{"taxonomy":"product_tag","embeddable":true,"href":"https:\/\/fimeimprime.com\/index.php?rest_route=%2Fwp%2Fv2%2Fproduct_tag&post=2534"}],"curies":[{"name":"wp","href":"https:\/\/api.w.org\/{rel}","templated":true}]}}