{"id":2498,"date":"2020-12-09T21:30:31","date_gmt":"2020-12-10T04:30:31","guid":{"rendered":"https:\/\/fimeimprime.com\/product\/pluma-aluminio-plata-tapa-plastica-y-metalica\/"},"modified":"2020-12-14T11:51:25","modified_gmt":"2020-12-14T18:51:25","slug":"pluma-aluminio-plata-tapa-plastica-y-metalica","status":"publish","type":"product","link":"https:\/\/fimeimprime.com\/?product=pluma-aluminio-plata-tapa-plastica-y-metalica","title":{"rendered":"PLUMA ALUMINIO SUBLIMABLE"},"content":{"rendered":"<p>Un promocional de excelente calidad gracias a su cuerpo de aluminio 100% sublimable, dos modelos a escoger. Este novedoso producto puedes imprimir en todo el cuerpo de la pluma teniendo un \u00e1rea de publicidad bastante amplia, con los m\u00e9todos tradicionales de impresi\u00f3n estabas limitado a un peque\u00f1o texto y estos eran ilegibles, pero con estas plumas sublimables toda tu imaginaci\u00f3n en una resistente y novedosa pluma.\u00a0<\/p>\n","protected":false},"excerpt":{"rendered":"<h1 class=\"edgtf-single-product-title\">Plumas de aluminio para sublimaci\u00f3n blanca y plata<br \/><\/h1>\n<p>MODELO 671 CON TAPA PL\u00c1STICA DE GANCHO<\/p>\n<p>MODELO 707 CON TAPA PL\u00c1STICA DE BOT\u00d3N<\/p>\n","protected":false},"featured_media":2493,"comment_status":"open","ping_status":"closed","template":"","meta":[],"product_brand":[],"product_cat":[72],"product_tag":[],"class_list":{"0":"post-2498","1":"product","2":"type-product","3":"status-publish","4":"has-post-thumbnail","6":"product_cat-aluminios","8":"first","9":"instock","10":"shipping-taxable","11":"purchasable","12":"product-type-variable"},"_links":{"self":[{"href":"https:\/\/fimeimprime.com\/index.php?rest_route=\/wp\/v2\/product\/2498","targetHints":{"allow":["GET"]}}],"collection":[{"href":"https:\/\/fimeimprime.com\/index.php?rest_route=\/wp\/v2\/product"}],"about":[{"href":"https:\/\/fimeimprime.com\/index.php?rest_route=\/wp\/v2\/types\/product"}],"replies":[{"embeddable":true,"href":"https:\/\/fimeimprime.com\/index.php?rest_route=%2Fwp%2Fv2%2Fcomments&post=2498"}],"wp:featuredmedia":[{"embeddable":true,"href":"https:\/\/fimeimprime.com\/index.php?rest_route=\/wp\/v2\/media\/2493"}],"wp:attachment":[{"href":"https:\/\/fimeimprime.com\/index.php?rest_route=%2Fwp%2Fv2%2Fmedia&parent=2498"}],"wp:term":[{"taxonomy":"product_brand","embeddable":true,"href":"https:\/\/fimeimprime.com\/index.php?rest_route=%2Fwp%2Fv2%2Fproduct_brand&post=2498"},{"taxonomy":"product_cat","embeddable":true,"href":"https:\/\/fimeimprime.com\/index.php?rest_route=%2Fwp%2Fv2%2Fproduct_cat&post=2498"},{"taxonomy":"product_tag","embeddable":true,"href":"https:\/\/fimeimprime.com\/index.php?rest_route=%2Fwp%2Fv2%2Fproduct_tag&post=2498"}],"curies":[{"name":"wp","href":"https:\/\/api.w.org\/{rel}","templated":true}]}}