{"id":2490,"date":"2020-12-09T21:20:28","date_gmt":"2020-12-10T04:20:28","guid":{"rendered":"https:\/\/fimeimprime.com\/product\/lata-aluminio-355-ml\/"},"modified":"2023-02-11T12:50:19","modified_gmt":"2023-02-11T19:50:19","slug":"lata-aluminio-355-ml","status":"publish","type":"product","link":"https:\/\/fimeimprime.com\/?product=lata-aluminio-355-ml","title":{"rendered":"LATA ALUMINIO 355 ML"},"content":{"rendered":"<p>Este exclusivo producto de Fime Imprime esta elaborado con aluminio pulido y posee un tratamiento especial en su superficie para que la<br \/>sublimaci\u00f3n hecha sobre la misma sea superior a cualquier otro producto del mercado.<br \/>En su presentaci\u00f3n de colores blanco y aluminio natural, son perfectas para ser estampadas con calidad y terminaci\u00f3n profesional.<\/p>\n<p><\/p>\n<p>NOTA: El color de los art\u00edculos puede variar al color real, por la calibraci\u00f3n y resoluci\u00f3n de tu monitor.<\/p>\n","protected":false},"excerpt":{"rendered":"<p>LATA ALUMINIO 355 ML BLANCA Y PLATA<\/p>\n<p>.- Disponible en colores blanco y aluminio natural.<br \/>.- Elaboradas con aluminio 6061 de alta resistencia y calidad.<br \/>.- 100% libre de fugas.<br \/>.- \u00c1rea Sublimable de 10x23cm aprox. Recubierta con f\u00f3rmula polim\u00e9rica.<br \/>.- Alto 10.7cms aprox.<br \/>.- Di\u00e1metro Externo 7.3cms aprox.<br \/>.- Capacidad de 355ml.<br \/>.- Fuerte y herm\u00e9tica tapa pl\u00e1stica a presi\u00f3n.<\/p>\n","protected":false},"featured_media":3024,"comment_status":"open","ping_status":"closed","template":"","meta":[],"product_brand":[],"product_cat":[72],"product_tag":[],"class_list":{"0":"post-2490","1":"product","2":"type-product","3":"status-publish","4":"has-post-thumbnail","6":"product_cat-aluminios","8":"first","9":"instock","10":"shipping-taxable","11":"purchasable","12":"product-type-variable"},"_links":{"self":[{"href":"https:\/\/fimeimprime.com\/index.php?rest_route=\/wp\/v2\/product\/2490","targetHints":{"allow":["GET"]}}],"collection":[{"href":"https:\/\/fimeimprime.com\/index.php?rest_route=\/wp\/v2\/product"}],"about":[{"href":"https:\/\/fimeimprime.com\/index.php?rest_route=\/wp\/v2\/types\/product"}],"replies":[{"embeddable":true,"href":"https:\/\/fimeimprime.com\/index.php?rest_route=%2Fwp%2Fv2%2Fcomments&post=2490"}],"wp:featuredmedia":[{"embeddable":true,"href":"https:\/\/fimeimprime.com\/index.php?rest_route=\/wp\/v2\/media\/3024"}],"wp:attachment":[{"href":"https:\/\/fimeimprime.com\/index.php?rest_route=%2Fwp%2Fv2%2Fmedia&parent=2490"}],"wp:term":[{"taxonomy":"product_brand","embeddable":true,"href":"https:\/\/fimeimprime.com\/index.php?rest_route=%2Fwp%2Fv2%2Fproduct_brand&post=2490"},{"taxonomy":"product_cat","embeddable":true,"href":"https:\/\/fimeimprime.com\/index.php?rest_route=%2Fwp%2Fv2%2Fproduct_cat&post=2490"},{"taxonomy":"product_tag","embeddable":true,"href":"https:\/\/fimeimprime.com\/index.php?rest_route=%2Fwp%2Fv2%2Fproduct_tag&post=2490"}],"curies":[{"name":"wp","href":"https:\/\/api.w.org\/{rel}","templated":true}]}}