{"id":2481,"date":"2020-12-09T20:59:52","date_gmt":"2020-12-10T03:59:52","guid":{"rendered":"https:\/\/fimeimprime.com\/product\/botellas-blancas-deportivas-para-sublimar-de-750-ml\/"},"modified":"2020-12-11T16:41:31","modified_gmt":"2020-12-11T23:41:31","slug":"botellas-blancas-deportivas-para-sublimar-de-750-ml","status":"publish","type":"product","link":"https:\/\/fimeimprime.com\/?product=botellas-blancas-deportivas-para-sublimar-de-750-ml","title":{"rendered":"BOTELLAS BLANCAS DEPORTIVAS PARA SUBLIMAR DE 750 ML"},"content":{"rendered":"<p>El mundo evoluciona en todo sentido. El deporte no es la excepci\u00f3n, y<br \/>\n con esta botella deportiva de aluminio\u00a0 se marca un paso<br \/>\nadelante en esta evoluci\u00f3n. 100% sublimable, totalmente fabricada en<br \/>\naluminio de primera y con detalles de dise\u00f1o que realzan el esp\u00edritu<br \/>\ndeportivo, no debe faltar dentro de la indumentaria del deportista<br \/>\nactual.<\/p>\n<p>Con la forma y el tama\u00f1o adecuado para su manejo durante la actividad<br \/>\n deportiva, esta hermosa y resistente botella puede ser sublimada con<br \/>\ncualquier dise\u00f1o por complejo que sea, otorgando acabados profesionales y<br \/>\n un estampado superior en calidad y tiempo sobre otros productos del<br \/>\nmercado.<\/p>\n<p>Con su doble tapa, una primera hecha en pl\u00e1stico para su uso y una<br \/>\nsegunda elaborada en acr\u00edlico que brinda protecci\u00f3n y un toque est\u00e9tico y<br \/>\n aerodin\u00e1mico. Cuenta con una fuerte sujetador a manera de argolla para<br \/>\nadaptarse a cualquier situaci\u00f3n de manipulaci\u00f3n y transporte extremo.<\/p>\n","protected":false},"excerpt":{"rendered":"<h1 class=\"edgtf-single-product-title\">Botella blanca deportiva para sublimar de 750ml<\/h1>\n<p>&#8211; Disponible en color blanco.<br \/>\n.- Elaboradas con aluminio 6061 de alta resistencia y calidad.<br \/>\n.- 100% libre de fugas.<br \/>\n.- \u00c1rea Sublimable de 23x19cm aprox. Recubierta con f\u00f3rmula polim\u00e9rica.<br \/>\n  exclusiva.<br \/>\n.- Alto 19cms aprox.<br \/>\n.- Di\u00e1metro Externo 7.3cms aprox.<br \/>\n.- Capacidad de 750ml.<br \/>\n.- Lujosas tapas de pl\u00e1stico y acr\u00edlico en materiales de primera. Resistente y durable.<br \/>\n.- Sujetador de pl\u00e1stico con dise\u00f1o moderno para facilitar su manejo. <\/p>\n","protected":false},"featured_media":2477,"comment_status":"open","ping_status":"closed","template":"","meta":[],"product_brand":[],"product_cat":[72],"product_tag":[],"class_list":{"0":"post-2481","1":"product","2":"type-product","3":"status-publish","4":"has-post-thumbnail","6":"product_cat-aluminios","8":"first","9":"outofstock","10":"shipping-taxable","11":"purchasable","12":"product-type-variable"},"_links":{"self":[{"href":"https:\/\/fimeimprime.com\/index.php?rest_route=\/wp\/v2\/product\/2481","targetHints":{"allow":["GET"]}}],"collection":[{"href":"https:\/\/fimeimprime.com\/index.php?rest_route=\/wp\/v2\/product"}],"about":[{"href":"https:\/\/fimeimprime.com\/index.php?rest_route=\/wp\/v2\/types\/product"}],"replies":[{"embeddable":true,"href":"https:\/\/fimeimprime.com\/index.php?rest_route=%2Fwp%2Fv2%2Fcomments&post=2481"}],"wp:featuredmedia":[{"embeddable":true,"href":"https:\/\/fimeimprime.com\/index.php?rest_route=\/wp\/v2\/media\/2477"}],"wp:attachment":[{"href":"https:\/\/fimeimprime.com\/index.php?rest_route=%2Fwp%2Fv2%2Fmedia&parent=2481"}],"wp:term":[{"taxonomy":"product_brand","embeddable":true,"href":"https:\/\/fimeimprime.com\/index.php?rest_route=%2Fwp%2Fv2%2Fproduct_brand&post=2481"},{"taxonomy":"product_cat","embeddable":true,"href":"https:\/\/fimeimprime.com\/index.php?rest_route=%2Fwp%2Fv2%2Fproduct_cat&post=2481"},{"taxonomy":"product_tag","embeddable":true,"href":"https:\/\/fimeimprime.com\/index.php?rest_route=%2Fwp%2Fv2%2Fproduct_tag&post=2481"}],"curies":[{"name":"wp","href":"https:\/\/api.w.org\/{rel}","templated":true}]}}