{"id":2468,"date":"2020-12-09T20:35:32","date_gmt":"2020-12-10T03:35:32","guid":{"rendered":"https:\/\/fimeimprime.com\/product\/botella-deportiva-de-aluminio-de-600-ml-para-sublimar\/"},"modified":"2023-01-07T12:13:12","modified_gmt":"2023-01-07T19:13:12","slug":"botella-deportiva-de-aluminio-de-600-ml-para-sublimar","status":"publish","type":"product","link":"https:\/\/fimeimprime.com\/?product=botella-deportiva-de-aluminio-de-600-ml-para-sublimar","title":{"rendered":"BOTELLA DEPORTIVA DE ALUMINIO DE 600 ML PARA SUBLIMAR"},"content":{"rendered":"<p>Cuando de deportes extremos se trata, el equipo es tan importante como la capacidad del quien lo practica. A la hora de hidratarse en<br \/>medio de cualquier actividad de alta exigencia f\u00edsica, el deportista necesita velocidad, practicidad y maniobrabilidad y para ello<br \/>precisamente es el dise\u00f1o de este producto y su tapa roscada ofrece una protecci\u00f3n extra ante derrames durante su manipulaci\u00f3n y mayor<br \/>resistencia contra golpes y ca\u00eddas.<\/p>\n<p>Ofrece a tus clientes un art\u00edculo que cumpla con sus necesidades y expectativas . La botella deportiva con tapa roscada es excelente compa\u00f1era para la acci\u00f3n. Al ser 100% sublimable, puedes estampar dise\u00f1os de los equipos, actividad o marcas deportivas de tu preferencia.<\/p>\n<p>NOTA: El color de los art\u00edculos puede variar al color real, por la calibraci\u00f3n y resoluci\u00f3n de tu monitor.<\/p>\n<p><\/p>\n","protected":false},"excerpt":{"rendered":"<h4 class=\"edgtf-single-product-title\">BOTELLA DE ALUMINIO BLANCA Y PLATA DEPORTIVA DE 600 ml CON TAPA ROSCADA PARA SUBLIMACI\u00d3N<\/h4>\n","protected":false},"featured_media":2465,"comment_status":"open","ping_status":"closed","template":"","meta":[],"product_brand":[],"product_cat":[72],"product_tag":[100,160,69,175,128,155],"class_list":{"0":"post-2468","1":"product","2":"type-product","3":"status-publish","4":"has-post-thumbnail","6":"product_cat-aluminios","7":"product_tag-aluminio","8":"product_tag-blanca","9":"product_tag-botella","10":"product_tag-deportiva","11":"product_tag-plata","12":"product_tag-sublimable","14":"first","15":"instock","16":"shipping-taxable","17":"purchasable","18":"product-type-variable"},"_links":{"self":[{"href":"https:\/\/fimeimprime.com\/index.php?rest_route=\/wp\/v2\/product\/2468","targetHints":{"allow":["GET"]}}],"collection":[{"href":"https:\/\/fimeimprime.com\/index.php?rest_route=\/wp\/v2\/product"}],"about":[{"href":"https:\/\/fimeimprime.com\/index.php?rest_route=\/wp\/v2\/types\/product"}],"replies":[{"embeddable":true,"href":"https:\/\/fimeimprime.com\/index.php?rest_route=%2Fwp%2Fv2%2Fcomments&post=2468"}],"wp:featuredmedia":[{"embeddable":true,"href":"https:\/\/fimeimprime.com\/index.php?rest_route=\/wp\/v2\/media\/2465"}],"wp:attachment":[{"href":"https:\/\/fimeimprime.com\/index.php?rest_route=%2Fwp%2Fv2%2Fmedia&parent=2468"}],"wp:term":[{"taxonomy":"product_brand","embeddable":true,"href":"https:\/\/fimeimprime.com\/index.php?rest_route=%2Fwp%2Fv2%2Fproduct_brand&post=2468"},{"taxonomy":"product_cat","embeddable":true,"href":"https:\/\/fimeimprime.com\/index.php?rest_route=%2Fwp%2Fv2%2Fproduct_cat&post=2468"},{"taxonomy":"product_tag","embeddable":true,"href":"https:\/\/fimeimprime.com\/index.php?rest_route=%2Fwp%2Fv2%2Fproduct_tag&post=2468"}],"curies":[{"name":"wp","href":"https:\/\/api.w.org\/{rel}","templated":true}]}}