{"id":2462,"date":"2020-12-09T20:25:04","date_gmt":"2020-12-10T03:25:04","guid":{"rendered":"https:\/\/fimeimprime.com\/product\/vaso-viajero-de-acero\/"},"modified":"2023-02-11T12:48:08","modified_gmt":"2023-02-11T19:48:08","slug":"vaso-viajero-de-acero","status":"publish","type":"product","link":"https:\/\/fimeimprime.com\/?product=vaso-viajero-de-acero","title":{"rendered":"VASO VIAJERO DE ACERO 20 oz"},"content":{"rendered":"<p>Mant\u00e9n tus bebidas fr\u00edas o calientes con la doble pared de acero.<\/p>\n<p>Vasos de acero que poseen revestimientos de pol\u00edmero y son aptos para manipulaci\u00f3n de alimentos. De igual manera todos nuestros productos de acero inoxidable doble pared son dise\u00f1ados con acero 304 en el interior y acero 201 en el exterior para aumentar su seguridad con productos aprobados por la FDA.<\/p>\n<p>NOTA: El color de los art\u00edculos puede variar al color real, por la calibraci\u00f3n y resoluci\u00f3n de tu monitor.<\/p>\n","protected":false},"excerpt":{"rendered":"<p>VASO VIAJERO DE ACERO EN PLATA Y COLOR BLANCO 20 OZ. AMBOS SON SUBLIMABLES.<\/p>\n","protected":false},"featured_media":3007,"comment_status":"open","ping_status":"closed","template":"","meta":[],"product_brand":[],"product_cat":[70],"product_tag":[174,66,81,128,155,61],"class_list":{"0":"post-2462","1":"product","2":"type-product","3":"status-publish","4":"has-post-thumbnail","6":"product_cat-aceros","7":"product_tag-20-oz","8":"product_tag-acero","9":"product_tag-blanco","10":"product_tag-plata","11":"product_tag-sublimable","12":"product_tag-termo","14":"first","15":"instock","16":"featured","17":"shipping-taxable","18":"purchasable","19":"product-type-variable"},"_links":{"self":[{"href":"https:\/\/fimeimprime.com\/index.php?rest_route=\/wp\/v2\/product\/2462","targetHints":{"allow":["GET"]}}],"collection":[{"href":"https:\/\/fimeimprime.com\/index.php?rest_route=\/wp\/v2\/product"}],"about":[{"href":"https:\/\/fimeimprime.com\/index.php?rest_route=\/wp\/v2\/types\/product"}],"replies":[{"embeddable":true,"href":"https:\/\/fimeimprime.com\/index.php?rest_route=%2Fwp%2Fv2%2Fcomments&post=2462"}],"wp:featuredmedia":[{"embeddable":true,"href":"https:\/\/fimeimprime.com\/index.php?rest_route=\/wp\/v2\/media\/3007"}],"wp:attachment":[{"href":"https:\/\/fimeimprime.com\/index.php?rest_route=%2Fwp%2Fv2%2Fmedia&parent=2462"}],"wp:term":[{"taxonomy":"product_brand","embeddable":true,"href":"https:\/\/fimeimprime.com\/index.php?rest_route=%2Fwp%2Fv2%2Fproduct_brand&post=2462"},{"taxonomy":"product_cat","embeddable":true,"href":"https:\/\/fimeimprime.com\/index.php?rest_route=%2Fwp%2Fv2%2Fproduct_cat&post=2462"},{"taxonomy":"product_tag","embeddable":true,"href":"https:\/\/fimeimprime.com\/index.php?rest_route=%2Fwp%2Fv2%2Fproduct_tag&post=2462"}],"curies":[{"name":"wp","href":"https:\/\/api.w.org\/{rel}","templated":true}]}}