{"id":2456,"date":"2020-12-09T20:21:17","date_gmt":"2020-12-10T03:21:17","guid":{"rendered":"https:\/\/fimeimprime.com\/product\/vaso-conico-de-20-oz\/"},"modified":"2023-02-11T12:41:23","modified_gmt":"2023-02-11T19:41:23","slug":"vaso-conico-de-20-oz","status":"publish","type":"product","link":"https:\/\/fimeimprime.com\/?product=vaso-conico-de-20-oz","title":{"rendered":"VASO DE ACERO C\u00d3NICO DE 20 OZ"},"content":{"rendered":"<p>Vaso Sublimable de acero con doble capa, mant\u00e9n tus bebidas calientes o fr\u00edas por mas tiempo con estos vasos fabricados con los mejores materiales, imprime el logotipo de tu empresa, nombre o equipo favorito. La creatividad no tiene limites para plasmar tu personalidad en estos vasos de acero. \u00a0<\/p>\n<p><\/p>\n<p>NOTA: El color de los art\u00edculos puede variar al color real, por la calibraci\u00f3n y resoluci\u00f3n de tu monitor.<\/p>\n","protected":false},"excerpt":{"rendered":"<p>VASO DE ACERO C\u00d3NICO BLANCO 20 OZ TIPO YETI, SUBLIMABLE<\/p>\n","protected":false},"featured_media":2998,"comment_status":"open","ping_status":"closed","template":"","meta":[],"product_brand":[],"product_cat":[70],"product_tag":[66,81,155,61],"class_list":{"0":"post-2456","1":"product","2":"type-product","3":"status-publish","4":"has-post-thumbnail","6":"product_cat-aceros","7":"product_tag-acero","8":"product_tag-blanco","9":"product_tag-sublimable","10":"product_tag-termo","12":"first","13":"instock","14":"shipping-taxable","15":"purchasable","16":"product-type-variable"},"_links":{"self":[{"href":"https:\/\/fimeimprime.com\/index.php?rest_route=\/wp\/v2\/product\/2456","targetHints":{"allow":["GET"]}}],"collection":[{"href":"https:\/\/fimeimprime.com\/index.php?rest_route=\/wp\/v2\/product"}],"about":[{"href":"https:\/\/fimeimprime.com\/index.php?rest_route=\/wp\/v2\/types\/product"}],"replies":[{"embeddable":true,"href":"https:\/\/fimeimprime.com\/index.php?rest_route=%2Fwp%2Fv2%2Fcomments&post=2456"}],"wp:featuredmedia":[{"embeddable":true,"href":"https:\/\/fimeimprime.com\/index.php?rest_route=\/wp\/v2\/media\/2998"}],"wp:attachment":[{"href":"https:\/\/fimeimprime.com\/index.php?rest_route=%2Fwp%2Fv2%2Fmedia&parent=2456"}],"wp:term":[{"taxonomy":"product_brand","embeddable":true,"href":"https:\/\/fimeimprime.com\/index.php?rest_route=%2Fwp%2Fv2%2Fproduct_brand&post=2456"},{"taxonomy":"product_cat","embeddable":true,"href":"https:\/\/fimeimprime.com\/index.php?rest_route=%2Fwp%2Fv2%2Fproduct_cat&post=2456"},{"taxonomy":"product_tag","embeddable":true,"href":"https:\/\/fimeimprime.com\/index.php?rest_route=%2Fwp%2Fv2%2Fproduct_tag&post=2456"}],"curies":[{"name":"wp","href":"https:\/\/api.w.org\/{rel}","templated":true}]}}